{"id":423,"date":"2025-07-08T13:14:31","date_gmt":"2025-07-08T11:14:31","guid":{"rendered":"https:\/\/centinelas.es\/?page_id=423"},"modified":"2025-09-11T19:24:54","modified_gmt":"2025-09-11T17:24:54","slug":"geopolitica","status":"publish","type":"page","link":"https:\/\/centinelas.es\/en\/geopolitica\/","title":{"rendered":"Geopolitics"},"content":{"rendered":"<section class=\"l-section wpb_row height_medium\"><div class=\"l-section-h i-cf\"><div class=\"g-cols vc_row via_grid cols_1 laptops-cols_inherit tablets-cols_inherit mobiles-cols_1 valign_top type_default stacking_default\"><div class=\"wpb_column vc_column_container\"><div class=\"vc_column-inner\"><h1 style=\"text-align: center\" class=\"vc_custom_heading vc_do_custom_heading us_custom_cda6f729\" ><a href=\"https:\/\/centinelas.es\/geopolitica\/\" title=\"Geopol\u00edtica\">Geopol\u00edtica<\/a><\/h1><div class=\"w-separator size_medium\"><\/div><div class=\"w-grid type_grid layout_77 cols_2\" id=\"us_grid_1\" style=\"--gap:1.5rem;\" data-filterable=\"true\"><style>@media (max-width:600px){#us_grid_1 .w-grid-list{margin:0}#us_grid_1 .w-grid-item{width:100%;padding:0;margin-bottom:var(--gap,0px)}}.layout_77 .w-grid-item-h{}.layout_77 .usg_post_image_1{width:30%!important;margin-right:5%!important}.layout_77 .usg_post_title_1{font-size:1.2rem!important;margin-bottom:0.3rem!important}.layout_77 .usg_post_date_1{color:var(--color-content-faded)!important;font-size:0.8rem!important;line-height:1.6!important}.layout_77 .usg_post_author_1{color:var(--color-content-text)!important;font-style:italic!important}<\/style><div class=\"w-grid-list\">\t<article class=\"w-grid-item size_1x1 post-1235 post type-post status-publish format-standard has-post-thumbnail hentry category-articulos category-geopolitica-2 tag-federico-cafarella tag-thinker\" data-id=\"1235\">\r\n\t\t<div class=\"w-grid-item-h\">\r\n\t\t\t\t\t\t<div class=\"w-hwrapper usg_hwrapper_1 align_none valign_top\"><div class=\"w-post-elm post_image usg_post_image_1 has_width has_ratio\"><div style=\"padding-bottom:100%\"><\/div><a href=\"https:\/\/centinelas.es\/en\/european-strategic-autonomy-in-the-ai-race\/\" aria-label=\"European Strategic Autonomy In The AI Race\"><img loading=\"lazy\" decoding=\"async\" width=\"150\" height=\"150\" src=\"https:\/\/centinelas.es\/wp-content\/uploads\/2026\/04\/igor-omilaev-9wjtGixx6Ls-unsplash-150x150.jpg\" class=\"attachment-thumbnail size-thumbnail wp-post-image\" alt=\"\" \/><\/a><\/div><div class=\"w-vwrapper usg_vwrapper_1 align_none valign_top\"><h2 class=\"w-post-elm post_title usg_post_title_1 entry-title color_link_inherit\"><a href=\"https:\/\/centinelas.es\/en\/european-strategic-autonomy-in-the-ai-race\/\">European Strategic Autonomy In The AI Race<\/a><\/h2><time class=\"w-post-elm post_date usg_post_date_1 has_text_color entry-date published\" datetime=\"2026-04-27T18:00:41+02:00\">27\/04\/2026<\/time><div class=\"w-post-elm post_author usg_post_author_1 has_text_color vcard author color_link_inherit with_ava avapos_left\"><a href=\"https:\/\/centinelas.es\/en\/author\/federico-cafarella\/\" class=\"fn\" aria-hidden=\"true\" tabindex=\"-1\"><div class=\"post-author-ava\" style=\"font-size:32px;\"><img alt='' src='https:\/\/centinelas.es\/wp-content\/uploads\/2026\/04\/federico-cafarella_avatar-32x32.png' srcset='https:\/\/centinelas.es\/wp-content\/uploads\/2026\/04\/federico-cafarella_avatar-64x64.png 2x' class='avatar avatar-32 photo' height='32' width='32' \/><\/div><\/a><div class=\"post-author-meta\"><a href=\"https:\/\/centinelas.es\/en\/author\/federico-cafarella\/\" class=\"post-author-name fn\">Federico Cafarella<\/a><\/div><\/div><\/div><\/div>\t\t<\/div>\r\n\t\t\t<\/article>\r\n\t<article class=\"w-grid-item size_1x1 post-1220 post type-post status-publish format-standard has-post-thumbnail hentry category-articulos category-geopolitica-2 tag-junior-thinker tag-marie-pageot\" data-id=\"1220\">\r\n\t\t<div class=\"w-grid-item-h\">\r\n\t\t\t\t\t\t<div class=\"w-hwrapper usg_hwrapper_1 align_none valign_top\"><div class=\"w-post-elm post_image usg_post_image_1 has_width has_ratio\"><div style=\"padding-bottom:100%\"><\/div><a href=\"https:\/\/centinelas.es\/en\/realpolitik-2-0-nueva-amenaza-contra-los-estados-nacion\/\" aria-label=\"Realpolitik 2.0: Nueva amenaza contra los Estados Naci\u00f3n\"><img loading=\"lazy\" decoding=\"async\" width=\"150\" height=\"150\" src=\"https:\/\/centinelas.es\/wp-content\/uploads\/2026\/04\/eric-muhr-MB5sHW0BYgE-unsplash-150x150.jpg\" class=\"attachment-thumbnail size-thumbnail wp-post-image\" alt=\"\" \/><\/a><\/div><div class=\"w-vwrapper usg_vwrapper_1 align_none valign_top\"><h2 class=\"w-post-elm post_title usg_post_title_1 entry-title color_link_inherit\"><a href=\"https:\/\/centinelas.es\/en\/realpolitik-2-0-nueva-amenaza-contra-los-estados-nacion\/\">Realpolitik 2.0: Nueva amenaza contra los Estados Naci\u00f3n<\/a><\/h2><time class=\"w-post-elm post_date usg_post_date_1 has_text_color entry-date published\" datetime=\"2026-04-16T13:17:35+02:00\">16\/04\/2026<\/time><div class=\"w-post-elm post_author usg_post_author_1 has_text_color vcard author color_link_inherit with_ava avapos_left\"><a href=\"https:\/\/centinelas.es\/en\/author\/marie-pegeot\/\" class=\"fn\" aria-hidden=\"true\" tabindex=\"-1\"><div class=\"post-author-ava\" style=\"font-size:32px;\"><img alt='' src='https:\/\/centinelas.es\/wp-content\/uploads\/2026\/04\/marie-pegeot_avatar-32x32.png' srcset='https:\/\/centinelas.es\/wp-content\/uploads\/2026\/04\/marie-pegeot_avatar-64x64.png 2x' class='avatar avatar-32 photo' height='32' width='32' \/><\/div><\/a><div class=\"post-author-meta\"><a href=\"https:\/\/centinelas.es\/en\/author\/marie-pegeot\/\" class=\"post-author-name fn\">Marie Pageot<\/a><\/div><\/div><\/div><\/div>\t\t<\/div>\r\n\t\t\t<\/article>\r\n\t<article class=\"w-grid-item size_1x1 post-1199 post type-post status-publish format-standard has-post-thumbnail hentry category-articulos category-geopolitica-2 tag-alice-carrasco tag-junior-thinker\" data-id=\"1199\">\r\n\t\t<div class=\"w-grid-item-h\">\r\n\t\t\t\t\t\t<div class=\"w-hwrapper usg_hwrapper_1 align_none valign_top\"><div class=\"w-post-elm post_image usg_post_image_1 has_width has_ratio\"><div style=\"padding-bottom:100%\"><\/div><a href=\"https:\/\/centinelas.es\/en\/from-the-withdrawal-agreement-to-the-european-union-settlement-scheme\/\" aria-label=\"From the Withdrawal Agreement to the European Union Settlement Scheme\"><img loading=\"lazy\" decoding=\"async\" width=\"150\" height=\"150\" src=\"https:\/\/centinelas.es\/wp-content\/uploads\/2026\/04\/franz-wender-ySw32AqpQfA-unsplash-150x150.jpg\" class=\"attachment-thumbnail size-thumbnail wp-post-image\" alt=\"Brexit\" \/><\/a><\/div><div class=\"w-vwrapper usg_vwrapper_1 align_none valign_top\"><h2 class=\"w-post-elm post_title usg_post_title_1 entry-title color_link_inherit\"><a href=\"https:\/\/centinelas.es\/en\/from-the-withdrawal-agreement-to-the-european-union-settlement-scheme\/\">From the Withdrawal Agreement to the European Union Settlement Scheme<\/a><\/h2><time class=\"w-post-elm post_date usg_post_date_1 has_text_color entry-date published\" datetime=\"2026-04-14T12:00:36+02:00\">14\/04\/2026<\/time><div class=\"w-post-elm post_author usg_post_author_1 has_text_color vcard author color_link_inherit with_ava avapos_left\"><a href=\"https:\/\/centinelas.es\/en\/author\/alice-carrasco\/\" class=\"fn\" aria-hidden=\"true\" tabindex=\"-1\"><div class=\"post-author-ava\" style=\"font-size:32px;\"><img alt='' src='https:\/\/centinelas.es\/wp-content\/uploads\/2026\/04\/alice-carrasco_avatar-32x32.jpeg' srcset='https:\/\/centinelas.es\/wp-content\/uploads\/2026\/04\/alice-carrasco_avatar-64x64.jpeg 2x' class='avatar avatar-32 photo' height='32' width='32' \/><\/div><\/a><div class=\"post-author-meta\"><a href=\"https:\/\/centinelas.es\/en\/author\/alice-carrasco\/\" class=\"post-author-name fn\">Alice Carasco<\/a><\/div><\/div><\/div><\/div>\t\t<\/div>\r\n\t\t\t<\/article>\r\n\t<article class=\"w-grid-item size_1x1 post-1120 post type-post status-publish format-standard has-post-thumbnail hentry category-articulos category-geopolitica-2 tag-sergio-trigo-saugar tag-thinker\" data-id=\"1120\">\r\n\t\t<div class=\"w-grid-item-h\">\r\n\t\t\t\t\t\t<div class=\"w-hwrapper usg_hwrapper_1 align_none valign_top\"><div class=\"w-post-elm post_image usg_post_image_1 has_width has_ratio\"><div style=\"padding-bottom:100%\"><\/div><a href=\"https:\/\/centinelas.es\/en\/estados-unidos-y-la-reconfiguracion-del-orden-estrategico\/\" aria-label=\"Estados Unidos y la reconfiguraci\u00f3n del orden estrat\u00e9gico\"><img loading=\"lazy\" decoding=\"async\" width=\"150\" height=\"150\" src=\"https:\/\/centinelas.es\/wp-content\/uploads\/2026\/01\/tim-mossholder-3Xl3lI5gjqg-unsplash-150x150.jpg\" class=\"attachment-thumbnail size-thumbnail wp-post-image\" alt=\"\" \/><\/a><\/div><div class=\"w-vwrapper usg_vwrapper_1 align_none valign_top\"><h2 class=\"w-post-elm post_title usg_post_title_1 entry-title color_link_inherit\"><a href=\"https:\/\/centinelas.es\/en\/estados-unidos-y-la-reconfiguracion-del-orden-estrategico\/\">Estados Unidos y la reconfiguraci\u00f3n del orden estrat\u00e9gico<\/a><\/h2><time class=\"w-post-elm post_date usg_post_date_1 has_text_color entry-date published\" datetime=\"2026-01-09T16:44:34+01:00\">09\/01\/2026<\/time><div class=\"w-post-elm post_author usg_post_author_1 has_text_color vcard author color_link_inherit with_ava avapos_left\"><a href=\"https:\/\/centinelas.es\/en\/author\/sergio-trigo-saugar\/\" class=\"fn\" aria-hidden=\"true\" tabindex=\"-1\"><div class=\"post-author-ava\" style=\"font-size:32px;\"><img alt='' src='https:\/\/centinelas.es\/wp-content\/uploads\/2026\/01\/sergio-trigo-saugar_avatar-32x32.png' srcset='https:\/\/centinelas.es\/wp-content\/uploads\/2026\/01\/sergio-trigo-saugar_avatar-64x64.png 2x' class='avatar avatar-32 photo' height='32' width='32' \/><\/div><\/a><div class=\"post-author-meta\"><a href=\"https:\/\/centinelas.es\/en\/author\/sergio-trigo-saugar\/\" class=\"post-author-name fn\">Sergio Trigo Saugar<\/a><\/div><\/div><\/div><\/div>\t\t<\/div>\r\n\t\t\t<\/article>\r\n\t<article class=\"w-grid-item size_1x1 post-1028 post type-post status-publish format-standard has-post-thumbnail hentry category-articulos category-geopolitica-2 tag-junior-thinker tag-paula-cortizo-rey\" data-id=\"1028\">\r\n\t\t<div class=\"w-grid-item-h\">\r\n\t\t\t\t\t\t<div class=\"w-hwrapper usg_hwrapper_1 align_none valign_top\"><div class=\"w-post-elm post_image usg_post_image_1 has_width has_ratio\"><div style=\"padding-bottom:100%\"><\/div><a href=\"https:\/\/centinelas.es\/en\/del-golfo-al-mundo-la-transformacion-geopolitica-de-los-emiratos-arabes-unidos\/\" aria-label=\"Del Golfo al mundo: la transformaci\u00f3n geopol\u00edtica de los Emiratos \u00c1rabes Unidos\"><img loading=\"lazy\" decoding=\"async\" width=\"150\" height=\"150\" src=\"https:\/\/centinelas.es\/wp-content\/uploads\/2025\/10\/zq-lee-VbDjv8-8ibc-unsplash-150x150.jpg\" class=\"attachment-thumbnail size-thumbnail wp-post-image\" alt=\"\" \/><\/a><\/div><div class=\"w-vwrapper usg_vwrapper_1 align_none valign_top\"><h2 class=\"w-post-elm post_title usg_post_title_1 entry-title color_link_inherit\"><a href=\"https:\/\/centinelas.es\/en\/del-golfo-al-mundo-la-transformacion-geopolitica-de-los-emiratos-arabes-unidos\/\">Del Golfo al mundo: la transformaci\u00f3n geopol\u00edtica de los Emiratos \u00c1rabes Unidos<\/a><\/h2><time class=\"w-post-elm post_date usg_post_date_1 has_text_color entry-date published\" datetime=\"2025-10-14T19:15:08+02:00\">14\/10\/2025<\/time><div class=\"w-post-elm post_author usg_post_author_1 has_text_color vcard author color_link_inherit with_ava avapos_left\"><a href=\"https:\/\/centinelas.es\/en\/author\/paula-cortizo-rey\/\" class=\"fn\" aria-hidden=\"true\" tabindex=\"-1\"><div class=\"post-author-ava\" style=\"font-size:32px;\"><img alt='' src='https:\/\/centinelas.es\/wp-content\/uploads\/2025\/10\/paula-cortizo-rey_avatar-32x32.png' srcset='https:\/\/centinelas.es\/wp-content\/uploads\/2025\/10\/paula-cortizo-rey_avatar-64x64.png 2x' class='avatar avatar-32 photo' height='32' width='32' \/><\/div><\/a><div class=\"post-author-meta\"><a href=\"https:\/\/centinelas.es\/en\/author\/paula-cortizo-rey\/\" class=\"post-author-name fn\">Paula Cortizo Rey<\/a><\/div><\/div><\/div><\/div>\t\t<\/div>\r\n\t\t\t<\/article>\r\n\t<article class=\"w-grid-item size_1x1 post-993 post type-post status-publish format-standard has-post-thumbnail hentry category-articulos category-geopolitica-2 tag-ramiro-rodriguez-bausero tag-thinker\" data-id=\"993\">\r\n\t\t<div class=\"w-grid-item-h\">\r\n\t\t\t\t\t\t<div class=\"w-hwrapper usg_hwrapper_1 align_none valign_top\"><div class=\"w-post-elm post_image usg_post_image_1 has_width has_ratio\"><div style=\"padding-bottom:100%\"><\/div><a href=\"https:\/\/centinelas.es\/en\/la-iniciativa-de-gobernanza-global\/\" aria-label=\"La Iniciativa de Gobernanza Global\"><img loading=\"lazy\" decoding=\"async\" width=\"150\" height=\"150\" src=\"https:\/\/centinelas.es\/wp-content\/uploads\/2025\/09\/dominic-kurniawan-suryaputra-saMy8EY_7k-unsplash-150x150.jpg\" class=\"attachment-thumbnail size-thumbnail wp-post-image\" alt=\"\" \/><\/a><\/div><div class=\"w-vwrapper usg_vwrapper_1 align_none valign_top\"><h2 class=\"w-post-elm post_title usg_post_title_1 entry-title color_link_inherit\"><a href=\"https:\/\/centinelas.es\/en\/la-iniciativa-de-gobernanza-global\/\">La Iniciativa de Gobernanza Global<\/a><\/h2><time class=\"w-post-elm post_date usg_post_date_1 has_text_color entry-date published\" datetime=\"2025-09-29T19:52:47+02:00\">29\/09\/2025<\/time><div class=\"w-post-elm post_author usg_post_author_1 has_text_color vcard author color_link_inherit with_ava avapos_left\"><a href=\"https:\/\/centinelas.es\/en\/author\/ramiro-rodriguez-bausero\/\" class=\"fn\" aria-hidden=\"true\" tabindex=\"-1\"><div class=\"post-author-ava\" style=\"font-size:32px;\"><img alt='' src='https:\/\/centinelas.es\/wp-content\/uploads\/2025\/09\/ramiro-rodriguez-bausero_avatar-32x32.jpg' srcset='https:\/\/centinelas.es\/wp-content\/uploads\/2025\/09\/ramiro-rodriguez-bausero_avatar-64x64.jpg 2x' class='avatar avatar-32 photo' height='32' width='32' \/><\/div><\/a><div class=\"post-author-meta\"><a href=\"https:\/\/centinelas.es\/en\/author\/ramiro-rodriguez-bausero\/\" class=\"post-author-name fn\">Ramiro Rodriguez Bausero<\/a><\/div><\/div><\/div><\/div>\t\t<\/div>\r\n\t\t\t<\/article>\r\n\t<article class=\"w-grid-item size_1x1 post-613 post type-post status-publish format-standard has-post-thumbnail hentry category-articulos category-geopolitica-2 tag-rodrigo-martin-gomez tag-thinker\" data-id=\"613\">\r\n\t\t<div class=\"w-grid-item-h\">\r\n\t\t\t\t\t\t<div class=\"w-hwrapper usg_hwrapper_1 align_none valign_top\"><div class=\"w-post-elm post_image usg_post_image_1 has_width has_ratio\"><div style=\"padding-bottom:100%\"><\/div><a href=\"https:\/\/centinelas.es\/en\/la-problematica-del-siglo-de-asia\/\" aria-label=\"La Problem\u00e1tica del Siglo de Asia\"><img loading=\"lazy\" decoding=\"async\" width=\"150\" height=\"150\" src=\"https:\/\/centinelas.es\/wp-content\/uploads\/2025\/08\/dragon-3329563_1280-150x150.jpg\" class=\"attachment-thumbnail size-thumbnail wp-post-image\" alt=\"\" \/><\/a><\/div><div class=\"w-vwrapper usg_vwrapper_1 align_none valign_top\"><h2 class=\"w-post-elm post_title usg_post_title_1 entry-title color_link_inherit\"><a href=\"https:\/\/centinelas.es\/en\/la-problematica-del-siglo-de-asia\/\">La Problem\u00e1tica del Siglo de Asia<\/a><\/h2><time class=\"w-post-elm post_date usg_post_date_1 has_text_color entry-date published\" datetime=\"2025-08-06T13:23:17+02:00\">06\/08\/2025<\/time><div class=\"w-post-elm post_author usg_post_author_1 has_text_color vcard author color_link_inherit with_ava avapos_left\"><a href=\"https:\/\/centinelas.es\/en\/author\/rodrigo-martin-gomez\/\" class=\"fn\" aria-hidden=\"true\" tabindex=\"-1\"><div class=\"post-author-ava\" style=\"font-size:32px;\"><img alt='' src='https:\/\/centinelas.es\/wp-content\/uploads\/2025\/08\/rodrigo-martin-gomez_avatar-32x32.png' srcset='https:\/\/centinelas.es\/wp-content\/uploads\/2025\/08\/rodrigo-martin-gomez_avatar-64x64.png 2x' class='avatar avatar-32 photo' height='32' width='32' \/><\/div><\/a><div class=\"post-author-meta\"><a href=\"https:\/\/centinelas.es\/en\/author\/rodrigo-martin-gomez\/\" class=\"post-author-name fn\">Rodrigo Mart\u00edn G\u00f3mez<\/a><\/div><\/div><\/div><\/div>\t\t<\/div>\r\n\t\t\t<\/article>\r\n<\/div><div class=\"w-grid-preloader\">\t<div class=\"g-preloader type_1\">\r\n\t\t<div><\/div>\r\n\t<\/div>\r\n\t<\/div>\t<div class=\"w-grid-json hidden\" onclick='return {&quot;action&quot;:&quot;us_ajax_grid&quot;,&quot;infinite_scroll&quot;:0,&quot;max_num_pages&quot;:1,&quot;pagination&quot;:&quot;none&quot;,&quot;template_vars&quot;:{&quot;columns&quot;:&quot;2&quot;,&quot;exclude_items&quot;:&quot;none&quot;,&quot;img_size&quot;:&quot;default&quot;,&quot;ignore_items_size&quot;:0,&quot;items_layout&quot;:&quot;77&quot;,&quot;items_offset&quot;:&quot;1&quot;,&quot;load_animation&quot;:&quot;none&quot;,&quot;overriding_link&quot;:&quot;%7B%22url%22%3A%22%22%7D&quot;,&quot;post_id&quot;:0,&quot;query_args&quot;:{&quot;post_type&quot;:[&quot;post&quot;],&quot;tax_query&quot;:[{&quot;taxonomy&quot;:&quot;category&quot;,&quot;field&quot;:&quot;slug&quot;,&quot;terms&quot;:[&quot;geopolitica-2&quot;]}],&quot;post_status&quot;:[&quot;publish&quot;],&quot;posts_per_page&quot;:&quot;10&quot;},&quot;orderby_query_args&quot;:{&quot;orderby&quot;:{&quot;date&quot;:&quot;DESC&quot;}},&quot;type&quot;:&quot;grid&quot;,&quot;us_grid_post_type&quot;:&quot;post&quot;,&quot;us_grid_ajax_index&quot;:1,&quot;us_grid_filter_params&quot;:[],&quot;us_grid_index&quot;:1,&quot;page_args&quot;:[]}}'><\/div>\r\n\t<\/div><\/div><\/div><\/div><\/div><\/section>\n","protected":false},"excerpt":{"rendered":"Rodrigo Mart\u00edn G\u00f3mezM\u00e1s art\u00edculos del mismo autor The Strategies of Hawks and Doves24\/09\/2025 La Problem\u00e1tica del Siglo de Asia06\/08\/2025 M\u00e1s de la misma categor\u00eda Art\u00edculosGeopol\u00edticaEuropean Strategic Autonomy In The AI Race Art\u00edculosGeopol\u00edticaRealpolitik 2.0: Nueva amenaza contra los Estados Naci\u00f3n Load More Descarga\u00bfPor qu\u00e9 necesita China el desarrollo aut\u00f3nomo de su entorno? \u201cGato blanco, gato negro,...","protected":false},"author":3,"featured_media":0,"parent":0,"menu_order":0,"comment_status":"closed","ping_status":"closed","template":"","meta":{"footnotes":""},"class_list":["post-423","page","type-page","status-publish","hentry"],"yoast_head":"<!-- This site is optimized with the Yoast SEO plugin v27.4 - https:\/\/yoast.com\/product\/yoast-seo-wordpress\/ -->\n<title>Geopol\u00edtica - Centinelas<\/title>\n<meta name=\"robots\" content=\"index, follow, max-snippet:-1, max-image-preview:large, max-video-preview:-1\" \/>\n<link rel=\"canonical\" href=\"https:\/\/centinelas.es\/en\/geopolitica\/\" \/>\n<meta property=\"og:locale\" content=\"en_US\" \/>\n<meta property=\"og:type\" content=\"article\" \/>\n<meta property=\"og:title\" content=\"Geopol\u00edtica - Centinelas\" \/>\n<meta property=\"og:url\" content=\"https:\/\/centinelas.es\/en\/geopolitica\/\" \/>\n<meta property=\"og:site_name\" content=\"Centinelas\" \/>\n<meta property=\"article:modified_time\" content=\"2025-09-11T17:24:54+00:00\" \/>\n<meta name=\"twitter:card\" content=\"summary_large_image\" \/>\n<script type=\"application\/ld+json\" class=\"yoast-schema-graph\">{\"@context\":\"https:\\\/\\\/schema.org\",\"@graph\":[{\"@type\":\"WebPage\",\"@id\":\"https:\\\/\\\/centinelas.es\\\/geopolitica\\\/\",\"url\":\"https:\\\/\\\/centinelas.es\\\/geopolitica\\\/\",\"name\":\"Geopol\u00edtica - Centinelas\",\"isPartOf\":{\"@id\":\"https:\\\/\\\/centinelas.es\\\/#website\"},\"datePublished\":\"2025-07-08T11:14:31+00:00\",\"dateModified\":\"2025-09-11T17:24:54+00:00\",\"breadcrumb\":{\"@id\":\"https:\\\/\\\/centinelas.es\\\/geopolitica\\\/#breadcrumb\"},\"inLanguage\":\"en-US\",\"potentialAction\":[{\"@type\":\"ReadAction\",\"target\":[\"https:\\\/\\\/centinelas.es\\\/geopolitica\\\/\"]}]},{\"@type\":\"BreadcrumbList\",\"@id\":\"https:\\\/\\\/centinelas.es\\\/geopolitica\\\/#breadcrumb\",\"itemListElement\":[{\"@type\":\"ListItem\",\"position\":1,\"name\":\"Portada\",\"item\":\"https:\\\/\\\/centinelas.es\\\/\"},{\"@type\":\"ListItem\",\"position\":2,\"name\":\"Geopol\u00edtica\"}]},{\"@type\":\"WebSite\",\"@id\":\"https:\\\/\\\/centinelas.es\\\/#website\",\"url\":\"https:\\\/\\\/centinelas.es\\\/\",\"name\":\"Centinelas\",\"description\":\"\",\"publisher\":{\"@id\":\"https:\\\/\\\/centinelas.es\\\/#organization\"},\"potentialAction\":[{\"@type\":\"SearchAction\",\"target\":{\"@type\":\"EntryPoint\",\"urlTemplate\":\"https:\\\/\\\/centinelas.es\\\/?s={search_term_string}\"},\"query-input\":{\"@type\":\"PropertyValueSpecification\",\"valueRequired\":true,\"valueName\":\"search_term_string\"}}],\"inLanguage\":\"en-US\"},{\"@type\":\"Organization\",\"@id\":\"https:\\\/\\\/centinelas.es\\\/#organization\",\"name\":\"Centinelas\",\"url\":\"https:\\\/\\\/centinelas.es\\\/\",\"logo\":{\"@type\":\"ImageObject\",\"inLanguage\":\"en-US\",\"@id\":\"https:\\\/\\\/centinelas.es\\\/#\\\/schema\\\/logo\\\/image\\\/\",\"url\":\"https:\\\/\\\/centinelas.es\\\/wp-content\\\/uploads\\\/2025\\\/07\\\/af_CENTINELAS-LOGO_A-1.png\",\"contentUrl\":\"https:\\\/\\\/centinelas.es\\\/wp-content\\\/uploads\\\/2025\\\/07\\\/af_CENTINELAS-LOGO_A-1.png\",\"width\":320,\"height\":138,\"caption\":\"Centinelas\"},\"image\":{\"@id\":\"https:\\\/\\\/centinelas.es\\\/#\\\/schema\\\/logo\\\/image\\\/\"},\"sameAs\":[\"https:\\\/\\\/www.instagram.com\\\/centinelasespana\\\/\",\"https:\\\/\\\/www.linkedin.com\\\/company\\\/centinelasespana\\\/\"]}]}<\/script>\n<!-- \/ Yoast SEO plugin. -->","yoast_head_json":{"title":"Geopol\u00edtica - Centinelas","robots":{"index":"index","follow":"follow","max-snippet":"max-snippet:-1","max-image-preview":"max-image-preview:large","max-video-preview":"max-video-preview:-1"},"canonical":"https:\/\/centinelas.es\/en\/geopolitica\/","og_locale":"en_US","og_type":"article","og_title":"Geopol\u00edtica - Centinelas","og_url":"https:\/\/centinelas.es\/en\/geopolitica\/","og_site_name":"Centinelas","article_modified_time":"2025-09-11T17:24:54+00:00","twitter_card":"summary_large_image","schema":{"@context":"https:\/\/schema.org","@graph":[{"@type":"WebPage","@id":"https:\/\/centinelas.es\/geopolitica\/","url":"https:\/\/centinelas.es\/geopolitica\/","name":"Geopol\u00edtica - Centinelas","isPartOf":{"@id":"https:\/\/centinelas.es\/#website"},"datePublished":"2025-07-08T11:14:31+00:00","dateModified":"2025-09-11T17:24:54+00:00","breadcrumb":{"@id":"https:\/\/centinelas.es\/geopolitica\/#breadcrumb"},"inLanguage":"en-US","potentialAction":[{"@type":"ReadAction","target":["https:\/\/centinelas.es\/geopolitica\/"]}]},{"@type":"BreadcrumbList","@id":"https:\/\/centinelas.es\/geopolitica\/#breadcrumb","itemListElement":[{"@type":"ListItem","position":1,"name":"Portada","item":"https:\/\/centinelas.es\/"},{"@type":"ListItem","position":2,"name":"Geopol\u00edtica"}]},{"@type":"WebSite","@id":"https:\/\/centinelas.es\/#website","url":"https:\/\/centinelas.es\/","name":"Centinelas","description":"","publisher":{"@id":"https:\/\/centinelas.es\/#organization"},"potentialAction":[{"@type":"SearchAction","target":{"@type":"EntryPoint","urlTemplate":"https:\/\/centinelas.es\/?s={search_term_string}"},"query-input":{"@type":"PropertyValueSpecification","valueRequired":true,"valueName":"search_term_string"}}],"inLanguage":"en-US"},{"@type":"Organization","@id":"https:\/\/centinelas.es\/#organization","name":"Centinelas","url":"https:\/\/centinelas.es\/","logo":{"@type":"ImageObject","inLanguage":"en-US","@id":"https:\/\/centinelas.es\/#\/schema\/logo\/image\/","url":"https:\/\/centinelas.es\/wp-content\/uploads\/2025\/07\/af_CENTINELAS-LOGO_A-1.png","contentUrl":"https:\/\/centinelas.es\/wp-content\/uploads\/2025\/07\/af_CENTINELAS-LOGO_A-1.png","width":320,"height":138,"caption":"Centinelas"},"image":{"@id":"https:\/\/centinelas.es\/#\/schema\/logo\/image\/"},"sameAs":["https:\/\/www.instagram.com\/centinelasespana\/","https:\/\/www.linkedin.com\/company\/centinelasespana\/"]}]}},"jetpack_sharing_enabled":true,"_links":{"self":[{"href":"https:\/\/centinelas.es\/en\/wp-json\/wp\/v2\/pages\/423","targetHints":{"allow":["GET"]}}],"collection":[{"href":"https:\/\/centinelas.es\/en\/wp-json\/wp\/v2\/pages"}],"about":[{"href":"https:\/\/centinelas.es\/en\/wp-json\/wp\/v2\/types\/page"}],"author":[{"embeddable":true,"href":"https:\/\/centinelas.es\/en\/wp-json\/wp\/v2\/users\/3"}],"replies":[{"embeddable":true,"href":"https:\/\/centinelas.es\/en\/wp-json\/wp\/v2\/comments?post=423"}],"version-history":[{"count":5,"href":"https:\/\/centinelas.es\/en\/wp-json\/wp\/v2\/pages\/423\/revisions"}],"predecessor-version":[{"id":849,"href":"https:\/\/centinelas.es\/en\/wp-json\/wp\/v2\/pages\/423\/revisions\/849"}],"wp:attachment":[{"href":"https:\/\/centinelas.es\/en\/wp-json\/wp\/v2\/media?parent=423"}],"curies":[{"name":"wp","href":"https:\/\/api.w.org\/{rel}","templated":true}]}}