{"id":416,"date":"2025-07-08T13:10:47","date_gmt":"2025-07-08T11:10:47","guid":{"rendered":"https:\/\/centinelas.es\/?page_id=416"},"modified":"2025-09-11T19:26:03","modified_gmt":"2025-09-11T17:26:03","slug":"recursos-estrategicos","status":"publish","type":"page","link":"https:\/\/centinelas.es\/en\/recursos-estrategicos\/","title":{"rendered":"Strategic resources"},"content":{"rendered":"<section class=\"l-section wpb_row height_medium\"><div class=\"l-section-h i-cf\"><div class=\"g-cols vc_row via_grid cols_1 laptops-cols_inherit tablets-cols_inherit mobiles-cols_1 valign_top type_default stacking_default\"><div class=\"wpb_column vc_column_container\"><div class=\"vc_column-inner\"><h1 style=\"text-align: center\" class=\"vc_custom_heading vc_do_custom_heading us_custom_cda6f729\" ><a href=\"https:\/\/centinelas.es\/recursos-estrategicos\/\" title=\"Recursos estrat\u00e9gicos\">Recursos estrat\u00e9gicos<\/a><\/h1><div class=\"w-separator size_medium\"><\/div><div class=\"w-grid type_grid layout_77 cols_2\" id=\"us_grid_1\" style=\"--gap:1.5rem;\" data-filterable=\"true\"><style>@media (max-width:600px){#us_grid_1 .w-grid-list{margin:0}#us_grid_1 .w-grid-item{width:100%;padding:0;margin-bottom:var(--gap,0px)}}.layout_77 .w-grid-item-h{}.layout_77 .usg_post_image_1{width:30%!important;margin-right:5%!important}.layout_77 .usg_post_title_1{font-size:1.2rem!important;margin-bottom:0.3rem!important}.layout_77 .usg_post_date_1{color:var(--color-content-faded)!important;font-size:0.8rem!important;line-height:1.6!important}.layout_77 .usg_post_author_1{color:var(--color-content-text)!important;font-style:italic!important}<\/style><div class=\"w-grid-list\">\t<article class=\"w-grid-item size_1x1 post-356 post type-post status-publish format-standard has-post-thumbnail hentry category-articulos category-recursos-estrategicos tag-junior-thinker tag-lourdes-gonzalez-grande\" data-id=\"356\">\r\n\t\t<div class=\"w-grid-item-h\">\r\n\t\t\t\t\t\t<div class=\"w-hwrapper usg_hwrapper_1 align_none valign_top\"><div class=\"w-post-elm post_image usg_post_image_1 has_width has_ratio\"><div style=\"padding-bottom:100%\"><\/div><a href=\"https:\/\/centinelas.es\/en\/la-disputa-silenciosa-por-el-agua\/\" aria-label=\"La disputa silenciosa por el agua\"><img loading=\"lazy\" decoding=\"async\" width=\"150\" height=\"150\" src=\"https:\/\/centinelas.es\/wp-content\/uploads\/2025\/07\/bottle-2032980_1280-150x150.jpg\" class=\"attachment-thumbnail size-thumbnail wp-post-image\" alt=\"\" \/><\/a><\/div><div class=\"w-vwrapper usg_vwrapper_1 align_none valign_top\"><h2 class=\"w-post-elm post_title usg_post_title_1 entry-title color_link_inherit\"><a href=\"https:\/\/centinelas.es\/en\/la-disputa-silenciosa-por-el-agua\/\">La disputa silenciosa por el agua<\/a><\/h2><time class=\"w-post-elm post_date usg_post_date_1 has_text_color entry-date published\" datetime=\"2025-07-08T11:51:14+02:00\">08\/07\/2025<\/time><div class=\"w-post-elm post_author usg_post_author_1 has_text_color vcard author color_link_inherit with_ava avapos_left\"><a href=\"https:\/\/centinelas.es\/en\/author\/lourdes-gonzalez-grande\/\" class=\"fn\" aria-hidden=\"true\" tabindex=\"-1\"><div class=\"post-author-ava\" style=\"font-size:32px;\"><img alt='' src='https:\/\/centinelas.es\/wp-content\/uploads\/2025\/07\/lourdes-gonzalez-grande_avatar-32x32.png' srcset='https:\/\/centinelas.es\/wp-content\/uploads\/2025\/07\/lourdes-gonzalez-grande_avatar-64x64.png 2x' class='avatar avatar-32 photo' height='32' width='32' \/><\/div><\/a><div class=\"post-author-meta\"><a href=\"https:\/\/centinelas.es\/en\/author\/lourdes-gonzalez-grande\/\" class=\"post-author-name fn\">Lourdes Gonz\u00e1lez Grande<\/a><\/div><\/div><\/div><\/div>\t\t<\/div>\r\n\t\t\t<\/article>\r\n<\/div><div class=\"w-grid-preloader\">\t<div class=\"g-preloader type_1\">\r\n\t\t<div><\/div>\r\n\t<\/div>\r\n\t<\/div>\t<div class=\"w-grid-json hidden\" onclick='return {&quot;action&quot;:&quot;us_ajax_grid&quot;,&quot;infinite_scroll&quot;:0,&quot;max_num_pages&quot;:1,&quot;pagination&quot;:&quot;none&quot;,&quot;template_vars&quot;:{&quot;columns&quot;:&quot;2&quot;,&quot;exclude_items&quot;:&quot;none&quot;,&quot;img_size&quot;:&quot;default&quot;,&quot;ignore_items_size&quot;:0,&quot;items_layout&quot;:&quot;77&quot;,&quot;items_offset&quot;:&quot;1&quot;,&quot;load_animation&quot;:&quot;none&quot;,&quot;overriding_link&quot;:&quot;%7B%22url%22%3A%22%22%7D&quot;,&quot;post_id&quot;:0,&quot;query_args&quot;:{&quot;post_type&quot;:[&quot;post&quot;],&quot;tax_query&quot;:[{&quot;taxonomy&quot;:&quot;category&quot;,&quot;field&quot;:&quot;slug&quot;,&quot;terms&quot;:[&quot;recursos-estrategicos&quot;]}],&quot;post_status&quot;:[&quot;publish&quot;],&quot;posts_per_page&quot;:&quot;10&quot;},&quot;orderby_query_args&quot;:{&quot;orderby&quot;:{&quot;date&quot;:&quot;DESC&quot;}},&quot;type&quot;:&quot;grid&quot;,&quot;us_grid_post_type&quot;:&quot;post&quot;,&quot;us_grid_ajax_index&quot;:1,&quot;us_grid_filter_params&quot;:[],&quot;us_grid_index&quot;:1,&quot;page_args&quot;:[]}}'><\/div>\r\n\t<\/div><\/div><\/div><\/div><\/div><\/section>\n","protected":false},"excerpt":{"rendered":"Lourdes Gonz\u00e1lez GrandeM\u00e1s del mismo autor La disputa silenciosa por el agua M\u00e1s de la misma categor\u00eda Art\u00edculosRecursos estrat\u00e9gicosLa disputa silenciosa por el agua DescargaConflictos, desigualdad y cambio clim\u00e1tico en torno a un recurso esencial El ser humano ha seguido siempre el curso del agua. Desde las orillas del Nilo hasta las m\u00e1rgenes del Ganges,...","protected":false},"author":3,"featured_media":0,"parent":0,"menu_order":0,"comment_status":"closed","ping_status":"closed","template":"","meta":{"footnotes":""},"class_list":["post-416","page","type-page","status-publish","hentry"],"yoast_head":"<!-- This site is optimized with the Yoast SEO plugin v27.4 - https:\/\/yoast.com\/product\/yoast-seo-wordpress\/ -->\n<title>Recursos estrat\u00e9gicos - Centinelas<\/title>\n<meta name=\"robots\" content=\"index, follow, max-snippet:-1, max-image-preview:large, max-video-preview:-1\" \/>\n<link rel=\"canonical\" href=\"https:\/\/centinelas.es\/en\/recursos-estrategicos\/\" \/>\n<meta property=\"og:locale\" content=\"en_US\" \/>\n<meta property=\"og:type\" content=\"article\" \/>\n<meta property=\"og:title\" content=\"Recursos estrat\u00e9gicos - Centinelas\" \/>\n<meta property=\"og:url\" content=\"https:\/\/centinelas.es\/en\/recursos-estrategicos\/\" \/>\n<meta property=\"og:site_name\" content=\"Centinelas\" \/>\n<meta property=\"article:modified_time\" content=\"2025-09-11T17:26:03+00:00\" \/>\n<meta name=\"twitter:card\" content=\"summary_large_image\" \/>\n<script type=\"application\/ld+json\" class=\"yoast-schema-graph\">{\"@context\":\"https:\\\/\\\/schema.org\",\"@graph\":[{\"@type\":\"WebPage\",\"@id\":\"https:\\\/\\\/centinelas.es\\\/recursos-estrategicos\\\/\",\"url\":\"https:\\\/\\\/centinelas.es\\\/recursos-estrategicos\\\/\",\"name\":\"Recursos estrat\u00e9gicos - Centinelas\",\"isPartOf\":{\"@id\":\"https:\\\/\\\/centinelas.es\\\/#website\"},\"datePublished\":\"2025-07-08T11:10:47+00:00\",\"dateModified\":\"2025-09-11T17:26:03+00:00\",\"breadcrumb\":{\"@id\":\"https:\\\/\\\/centinelas.es\\\/recursos-estrategicos\\\/#breadcrumb\"},\"inLanguage\":\"en-US\",\"potentialAction\":[{\"@type\":\"ReadAction\",\"target\":[\"https:\\\/\\\/centinelas.es\\\/recursos-estrategicos\\\/\"]}]},{\"@type\":\"BreadcrumbList\",\"@id\":\"https:\\\/\\\/centinelas.es\\\/recursos-estrategicos\\\/#breadcrumb\",\"itemListElement\":[{\"@type\":\"ListItem\",\"position\":1,\"name\":\"Portada\",\"item\":\"https:\\\/\\\/centinelas.es\\\/\"},{\"@type\":\"ListItem\",\"position\":2,\"name\":\"Recursos estrat\u00e9gicos\"}]},{\"@type\":\"WebSite\",\"@id\":\"https:\\\/\\\/centinelas.es\\\/#website\",\"url\":\"https:\\\/\\\/centinelas.es\\\/\",\"name\":\"Centinelas\",\"description\":\"\",\"publisher\":{\"@id\":\"https:\\\/\\\/centinelas.es\\\/#organization\"},\"potentialAction\":[{\"@type\":\"SearchAction\",\"target\":{\"@type\":\"EntryPoint\",\"urlTemplate\":\"https:\\\/\\\/centinelas.es\\\/?s={search_term_string}\"},\"query-input\":{\"@type\":\"PropertyValueSpecification\",\"valueRequired\":true,\"valueName\":\"search_term_string\"}}],\"inLanguage\":\"en-US\"},{\"@type\":\"Organization\",\"@id\":\"https:\\\/\\\/centinelas.es\\\/#organization\",\"name\":\"Centinelas\",\"url\":\"https:\\\/\\\/centinelas.es\\\/\",\"logo\":{\"@type\":\"ImageObject\",\"inLanguage\":\"en-US\",\"@id\":\"https:\\\/\\\/centinelas.es\\\/#\\\/schema\\\/logo\\\/image\\\/\",\"url\":\"https:\\\/\\\/centinelas.es\\\/wp-content\\\/uploads\\\/2025\\\/07\\\/af_CENTINELAS-LOGO_A-1.png\",\"contentUrl\":\"https:\\\/\\\/centinelas.es\\\/wp-content\\\/uploads\\\/2025\\\/07\\\/af_CENTINELAS-LOGO_A-1.png\",\"width\":320,\"height\":138,\"caption\":\"Centinelas\"},\"image\":{\"@id\":\"https:\\\/\\\/centinelas.es\\\/#\\\/schema\\\/logo\\\/image\\\/\"},\"sameAs\":[\"https:\\\/\\\/www.instagram.com\\\/centinelasespana\\\/\",\"https:\\\/\\\/www.linkedin.com\\\/company\\\/centinelasespana\\\/\"]}]}<\/script>\n<!-- \/ Yoast SEO plugin. -->","yoast_head_json":{"title":"Recursos estrat\u00e9gicos - Centinelas","robots":{"index":"index","follow":"follow","max-snippet":"max-snippet:-1","max-image-preview":"max-image-preview:large","max-video-preview":"max-video-preview:-1"},"canonical":"https:\/\/centinelas.es\/en\/recursos-estrategicos\/","og_locale":"en_US","og_type":"article","og_title":"Recursos estrat\u00e9gicos - Centinelas","og_url":"https:\/\/centinelas.es\/en\/recursos-estrategicos\/","og_site_name":"Centinelas","article_modified_time":"2025-09-11T17:26:03+00:00","twitter_card":"summary_large_image","schema":{"@context":"https:\/\/schema.org","@graph":[{"@type":"WebPage","@id":"https:\/\/centinelas.es\/recursos-estrategicos\/","url":"https:\/\/centinelas.es\/recursos-estrategicos\/","name":"Recursos estrat\u00e9gicos - Centinelas","isPartOf":{"@id":"https:\/\/centinelas.es\/#website"},"datePublished":"2025-07-08T11:10:47+00:00","dateModified":"2025-09-11T17:26:03+00:00","breadcrumb":{"@id":"https:\/\/centinelas.es\/recursos-estrategicos\/#breadcrumb"},"inLanguage":"en-US","potentialAction":[{"@type":"ReadAction","target":["https:\/\/centinelas.es\/recursos-estrategicos\/"]}]},{"@type":"BreadcrumbList","@id":"https:\/\/centinelas.es\/recursos-estrategicos\/#breadcrumb","itemListElement":[{"@type":"ListItem","position":1,"name":"Portada","item":"https:\/\/centinelas.es\/"},{"@type":"ListItem","position":2,"name":"Recursos estrat\u00e9gicos"}]},{"@type":"WebSite","@id":"https:\/\/centinelas.es\/#website","url":"https:\/\/centinelas.es\/","name":"Centinelas","description":"","publisher":{"@id":"https:\/\/centinelas.es\/#organization"},"potentialAction":[{"@type":"SearchAction","target":{"@type":"EntryPoint","urlTemplate":"https:\/\/centinelas.es\/?s={search_term_string}"},"query-input":{"@type":"PropertyValueSpecification","valueRequired":true,"valueName":"search_term_string"}}],"inLanguage":"en-US"},{"@type":"Organization","@id":"https:\/\/centinelas.es\/#organization","name":"Centinelas","url":"https:\/\/centinelas.es\/","logo":{"@type":"ImageObject","inLanguage":"en-US","@id":"https:\/\/centinelas.es\/#\/schema\/logo\/image\/","url":"https:\/\/centinelas.es\/wp-content\/uploads\/2025\/07\/af_CENTINELAS-LOGO_A-1.png","contentUrl":"https:\/\/centinelas.es\/wp-content\/uploads\/2025\/07\/af_CENTINELAS-LOGO_A-1.png","width":320,"height":138,"caption":"Centinelas"},"image":{"@id":"https:\/\/centinelas.es\/#\/schema\/logo\/image\/"},"sameAs":["https:\/\/www.instagram.com\/centinelasespana\/","https:\/\/www.linkedin.com\/company\/centinelasespana\/"]}]}},"jetpack_sharing_enabled":true,"_links":{"self":[{"href":"https:\/\/centinelas.es\/en\/wp-json\/wp\/v2\/pages\/416","targetHints":{"allow":["GET"]}}],"collection":[{"href":"https:\/\/centinelas.es\/en\/wp-json\/wp\/v2\/pages"}],"about":[{"href":"https:\/\/centinelas.es\/en\/wp-json\/wp\/v2\/types\/page"}],"author":[{"embeddable":true,"href":"https:\/\/centinelas.es\/en\/wp-json\/wp\/v2\/users\/3"}],"replies":[{"embeddable":true,"href":"https:\/\/centinelas.es\/en\/wp-json\/wp\/v2\/comments?post=416"}],"version-history":[{"count":6,"href":"https:\/\/centinelas.es\/en\/wp-json\/wp\/v2\/pages\/416\/revisions"}],"predecessor-version":[{"id":850,"href":"https:\/\/centinelas.es\/en\/wp-json\/wp\/v2\/pages\/416\/revisions\/850"}],"wp:attachment":[{"href":"https:\/\/centinelas.es\/en\/wp-json\/wp\/v2\/media?parent=416"}],"curies":[{"name":"wp","href":"https:\/\/api.w.org\/{rel}","templated":true}]}}