{"id":115,"date":"2025-06-05T13:05:52","date_gmt":"2025-06-05T11:05:52","guid":{"rendered":"https:\/\/centinelas.es\/?page_id=115"},"modified":"2026-04-21T19:51:59","modified_gmt":"2026-04-21T17:51:59","slug":"contacto","status":"publish","type":"page","link":"https:\/\/centinelas.es\/en\/contacto\/","title":{"rendered":"Contact"},"content":{"rendered":"<section class=\"l-section wpb_row us_custom_d6aae710 height_medium color_primary\" id=\"section-06\"><div class=\"l-section-h i-cf\"><div class=\"g-cols vc_row via_grid cols_1 laptops-cols_inherit tablets-cols_1 mobiles-cols_1 valign_top type_default reversed stacking_default\" style=\"--gap:0rem;\"><div class=\"wpb_column vc_column_container us_custom_fd43344c\"><div class=\"vc_column-inner\"><h1 class=\"w-post-elm post_title align_center entry-title color_link_inherit\">Contact<\/h1><\/div><\/div><\/div><\/div><\/section><section class=\"l-section wpb_row height_medium\"><div class=\"l-section-h i-cf\"><div class=\"g-cols vc_row via_grid cols_1-3 laptops-cols_inherit tablets-cols_inherit mobiles-cols_1 valign_top type_default stacking_default\"><div class=\"wpb_column vc_column_container\"><div class=\"vc_column-inner\"><div class=\"w-contacts us_custom_87d5d7d8 has_text_color\"><div class=\"w-contacts-list\"><div class=\"w-contacts-item for_address\"><span class=\"w-contacts-item-value\">Madrid, Spain<\/span><\/div><div class=\"w-contacts-item for_phone\"><span class=\"w-contacts-item-value\">+34 711 20 26 02<\/span><\/div><div class=\"w-contacts-item for_email\"><span class=\"w-contacts-item-value\"><a href=\"mailto:info@centinelas.es\">info@centinelas.es<\/a><\/span><\/div><\/div><\/div><div class=\"w-separator size_small\"><\/div><div class=\"w-hwrapper valign_top align_none\" style=\"--hwrapper-gap:1rem\"><p class=\"w-text us_custom_8f70168d has_text_color\"><span class=\"w-text-h\"><span class=\"w-text-value\">Social media<\/span><\/span><\/p><div class=\"w-socials color_link shape_circle style_solid hover_fade\" style=\"--gap:0.3em;\"><div class=\"w-socials-list\"><div class=\"w-socials-item linkedin\"><a href=\"https:\/\/www.linkedin.com\/company\/centinelasespana\/\" class=\"w-socials-item-link\" title=\"LinkedIn\" aria-label=\"LinkedIn\"><span class=\"w-socials-item-link-hover\"><\/span><i class=\"fab fa-linkedin\"><\/i><\/a><div class=\"w-socials-item-popup\"><span>LinkedIn<\/span><\/div><\/div><\/div><\/div><\/div><\/div><\/div><div class=\"wpb_column vc_column_container\"><div class=\"vc_column-inner\"><div class=\"w-html\">\n<div class=\"wpcf7 no-js\" id=\"wpcf7-f1232-o1\" lang=\"es-ES\" dir=\"ltr\" data-wpcf7-id=\"1232\">\n<div class=\"screen-reader-response\"><p role=\"status\" aria-live=\"polite\" aria-atomic=\"true\"><\/p> <ul><\/ul><\/div>\n<form action=\"\/en\/wp-json\/wp\/v2\/pages\/115#wpcf7-f1232-o1\" method=\"post\" class=\"wpcf7-form init\" aria-label=\"Formulario de contacto\" novalidate=\"novalidate\" data-status=\"init\" data-trp-original-action=\"\/en\/wp-json\/wp\/v2\/pages\/115#wpcf7-f1232-o1\">\n<fieldset class=\"hidden-fields-container\"><input type=\"hidden\" name=\"_wpcf7\" value=\"1232\" \/><input type=\"hidden\" name=\"_wpcf7_version\" value=\"6.1.5\" \/><input type=\"hidden\" name=\"_wpcf7_locale\" value=\"es_ES\" \/><input type=\"hidden\" name=\"_wpcf7_unit_tag\" value=\"wpcf7-f1232-o1\" \/><input type=\"hidden\" name=\"_wpcf7_container_post\" value=\"0\" \/><input type=\"hidden\" name=\"_wpcf7_posted_data_hash\" value=\"\" \/>\n<\/fieldset>\n<div class=\"wpcf7-turnstile cf-turnstile\" data-sitekey=\"CENTINELAS2026.\" data-response-field-name=\"_wpcf7_turnstile_response\"><\/div>\n\n<p><label> Your name<br \/>\n<span class=\"wpcf7-form-control-wrap\" data-name=\"your-name\"><input size=\"40\" maxlength=\"400\" class=\"wpcf7-form-control wpcf7-text wpcf7-validates-as-required\" autocomplete=\"name\" aria-required=\"true\" aria-invalid=\"false\" value=\"\" type=\"text\" name=\"your-name\" \/><\/span> <\/label>\n<\/p>\n<p><label> Your email<br \/>\n<span class=\"wpcf7-form-control-wrap\" data-name=\"your-email\"><input size=\"40\" maxlength=\"400\" class=\"wpcf7-form-control wpcf7-email wpcf7-validates-as-required wpcf7-text wpcf7-validates-as-email\" autocomplete=\"email\" aria-required=\"true\" aria-invalid=\"false\" value=\"\" type=\"email\" name=\"your-email\" \/><\/span> <\/label>\n<\/p>\n<p><label> Subject<br \/>\n<span class=\"wpcf7-form-control-wrap\" data-name=\"your-subject\"><input size=\"40\" maxlength=\"400\" class=\"wpcf7-form-control wpcf7-text wpcf7-validates-as-required\" aria-required=\"true\" aria-invalid=\"false\" value=\"\" type=\"text\" name=\"your-subject\" \/><\/span> <\/label>\n<\/p>\n<p><label> Your message (optional)<br \/>\n<span class=\"wpcf7-form-control-wrap\" data-name=\"your-message\"><textarea cols=\"40\" rows=\"10\" maxlength=\"2000\" class=\"wpcf7-form-control wpcf7-textarea\" aria-invalid=\"false\" name=\"your-message\"><\/textarea><\/span> <\/label>\n<\/p>\n<p><input class=\"wpcf7-form-control wpcf7-submit has-spinner\" type=\"submit\" value=\"Send\" \/>\n<\/p><input type='hidden' class='wpcf7-pum' value='{\"closepopup\":false,\"closedelay\":0,\"openpopup\":false,\"openpopup_id\":0}' \/><div class=\"wpcf7-response-output\" aria-hidden=\"true\"><\/div>\n<input type=\"hidden\" name=\"trp-form-language\" value=\"en\"\/><\/form>\n<\/div>\n<\/div><\/div><\/div><\/div><\/div><\/section><section class=\"l-section wpb_row us_custom_eac59c77 height_medium\"><div class=\"l-section-h i-cf\"><div class=\"g-cols vc_row via_grid cols_1 laptops-cols_inherit tablets-cols_inherit mobiles-cols_1 valign_top type_default stacking_default\"><div class=\"wpb_column vc_column_container us_custom_635b0d7d\"><div class=\"vc_column-inner\"><div class=\"wpb_text_column us_custom_4b38c0d9 has_text_color\"><div class=\"wpb_wrapper\"><h6>Are you interested in publishing with Centinelas?<\/h6>\n<p style=\"text-align: left;\"><span style=\"font-size: 14pt;\">We are looking for authors who provide solid analysis, a critical approach, and a strategic vision on matters of international relevance. <\/span><span style=\"font-size: 14pt;\">If you have an article proposal, please fill out the following form, and we will contact you as soon as possible.<\/span><\/p>\n<\/div><\/div><\/div><\/div><div class=\"wpb_column vc_column_container\"><div class=\"vc_column-inner\"><form class=\"w-form  us_custom_57b50a51 layout_ver for_cform us_form_1\" autocomplete=\"off\" action=\"https:\/\/centinelas.es\/en\/en\/wp-json\/wp\/v2\/pages\/115\" method=\"post\" data-trp-original-action=\"https:\/\/centinelas.es\/en\/en\/wp-json\/wp\/v2\/pages\/115\"><div class=\"w-form-h\"><div class=\"w-form-row for_text required cols_2\">\r\n\t\t<div class=\"w-form-row-field\">\r\n\t\t\t\t\t\t<input aria-label=\"Name\" type=\"text\" name=\"us_form_1_text_1\" value placeholder=\"Name *\" data-required=\"true\" aria-required=\"true\"\/>\r\n\t\t\t<\/div>\r\n\t\t<div class=\"w-form-row-state\">Fill out this field<\/div>\r\n<\/div>\r\n<div class=\"w-form-row for_text required cols_2\">\r\n\t\t<div class=\"w-form-row-field\">\r\n\t\t\t\t\t\t<input aria-label=\"Last names\" type=\"text\" name=\"us_form_1_text_2\" value placeholder=\"Last names\" data-required=\"true\" aria-required=\"true\"\/>\r\n\t\t\t<\/div>\r\n\t\t<div class=\"w-form-row-state\">Fill out this field<\/div>\r\n<\/div>\r\n<div class=\"w-form-row for_email required\">\r\n\t\t<div class=\"w-form-row-field\">\r\n\t\t\t\t\t\t<input aria-label=\"Contact email\" type=\"email\" name=\"us_form_1_email_1\" value placeholder=\"Contact email *\" data-required=\"true\" aria-required=\"true\"\/>\r\n\t\t\t<\/div>\r\n\t\t<div class=\"w-form-row-state\">Please enter a valid email address.<\/div>\r\n<\/div>\r\n<div class=\"w-form-row for_radio has_label cols_2\">\r\n\t\t\t<div class=\"w-form-row-label\">\r\n\t\t\t<span>Publication Type<\/span>\r\n\t\t<\/div>\r\n\t\t<div class=\"w-form-row-field\">\r\n\t\t\t\t\t<label>\r\n\t\t\t\t<input type=\"radio\" name=\"us_form_1_radio_1\" value=\"Art\u00edculo\" checked='checked'\/>\r\n\t\t\t\t<span>Article<\/span>\r\n\t\t\t<\/label>\r\n\t\t\t\t\t\t<label>\r\n\t\t\t\t<input type=\"radio\" name=\"us_form_1_radio_1\" value=\"Informe\"\/>\r\n\t\t\t\t<span>Report<\/span>\r\n\t\t\t<\/label>\r\n\t\t\t\t<\/div>\r\n\t\t<div class=\"w-form-row-state\">Select an option<\/div>\r\n<\/div>\r\n<div class=\"w-form-row for_select has_label cols_2\">\r\n\t\t\t<div class=\"w-form-row-label\">\r\n\t\t\t<span>Provisional thematic line<\/span>\r\n\t\t<\/div>\r\n\t\t<div class=\"w-form-row-field\">\r\n\t\t\t\t\t\t<select aria-label=\"Provisional thematic line\" name=\"us_form_1_select_1\">\r\n\t\t\t<option value=\"Orden Global\">Global Order<\/option><option value=\"Geopol\u00edtica\">Geopolitics<\/option><option value=\"Geoeconom\u00eda\">Geoeconomics<\/option><option value=\"Paz y Seguridad\">Peace and Security<\/option><option value=\"Recursos Estrat\u00e9gicos \">Strategic Resources <\/option><option value=\"Gobernanza Global\">Global Governance<\/option><option value=\"Diplomacia P\u00fablica\">Public Diplomacy<\/option><option value=\"Soft power y cultura\">Soft power and culture<\/option><option value=\"Migraciones y fronteras\">Migrations and borders<\/option><option value=\"Desigualdad global\">Global inequality<\/option><option value=\"Derechos y Desarrollo\">Rights and Development<\/option><option value=\"Espa\u00f1a en el mundo\">Spain in the world<\/option>\t\t<\/select>\r\n\t\t\t<\/div>\r\n\t\t<div class=\"w-form-row-state\">Select an option<\/div>\r\n<\/div>\r\n<div class=\"w-form-row for_text required\">\r\n\t\t<div class=\"w-form-row-field\">\r\n\t\t\t\t\t\t<input aria-label=\"Working Title\" type=\"text\" name=\"us_form_1_text_3\" value placeholder=\"Working Title\" data-required=\"true\" aria-required=\"true\"\/>\r\n\t\t\t<\/div>\r\n\t\t<div class=\"w-form-row-state\">Fill out this field<\/div>\r\n<\/div>\r\n<div class=\"w-form-row for_textarea required\">\r\n\t\t<div class=\"w-form-row-field\">\r\n\t\t\t\t\t\t<textarea aria-label=\"Brief summary (max 50 words)\" name=\"us_form_1_textarea_1\" placeholder=\"Brief summary (max 50 words) *\" data-required=\"true\" aria-required=\"true\"><\/textarea>\r\n\t\t\t<\/div>\r\n\t\t<div class=\"w-form-row-state\">Fill out this field<\/div>\r\n<\/div>\r\n<input type=\"hidden\" name=\"action\" value=\"us_ajax_cform\" \/>\r\n<input type=\"hidden\" name=\"post_id\" value=\"0\" \/>\r\n<input type=\"hidden\" name=\"form_index\" value=\"1\" \/>\r\n<div class=\"w-form-row for_submit align_none\">\r\n\t<button class=\"w-btn  us-btn-style_1\" aria-label=\"Submit\" type=\"submit\">\r\n\t\t<span class=\"g-preloader type_1\"><\/span>\r\n\t\t\t\t<span class=\"w-btn-label\">Submit<\/span>\r\n\t\t\t<\/button>\r\n\t<\/div>\r\n<\/div><div class=\"w-form-message\"><\/div><div class=\"w-form-json hidden\" onclick='return {&quot;ajaxurl&quot;:&quot;https:\\\/\\\/centinelas.es\\\/wp-admin\\\/admin-ajax.php&quot;,&quot;messages&quot;:{&quot;err_empty&quot;:&quot;Fill out this field&quot;,&quot;err_size&quot;:&quot;File size cannot exceed %s MB&quot;,&quot;err_extension&quot;:&quot;%s file type is not allowed&quot;}}'><\/div><input type=\"hidden\" name=\"trp-form-language\" value=\"en\"\/><\/form><\/div><\/div><\/div><\/div><\/section>","protected":false},"excerpt":{"rendered":"ContactoMadrid, Espa\u00f1a+34 711 20 26 02info@centinelas.esRedes socialesLinkedIn Tu nombre Tu correo electr\u00f3nico Asunto Tu mensaje (opcional) \u00bfTe interesa publicar en Centinelas? Buscamos autores que aporten an\u00e1lisis s\u00f3lidos, un enfoque cr\u00edtico y una visi\u00f3n estrat\u00e9gica sobre asuntos de relevancia internacional. Si tienes una propuesta de art\u00edculo, rellena el siguiente formulario y nos pondremos en contacto contigo...","protected":false},"author":3,"featured_media":0,"parent":0,"menu_order":0,"comment_status":"closed","ping_status":"closed","template":"","meta":{"footnotes":""},"class_list":["post-115","page","type-page","status-publish","hentry"],"yoast_head":"<!-- This site is optimized with the Yoast SEO plugin v27.4 - https:\/\/yoast.com\/product\/yoast-seo-wordpress\/ -->\n<title>Contacto - Centinelas<\/title>\n<meta name=\"robots\" content=\"index, follow, max-snippet:-1, max-image-preview:large, max-video-preview:-1\" \/>\n<link rel=\"canonical\" href=\"https:\/\/centinelas.es\/en\/contacto\/\" \/>\n<meta property=\"og:locale\" content=\"en_US\" \/>\n<meta property=\"og:type\" content=\"article\" \/>\n<meta property=\"og:title\" content=\"Contacto - Centinelas\" \/>\n<meta property=\"og:url\" content=\"https:\/\/centinelas.es\/en\/contacto\/\" \/>\n<meta property=\"og:site_name\" content=\"Centinelas\" \/>\n<meta property=\"article:modified_time\" content=\"2026-04-21T17:51:59+00:00\" \/>\n<meta name=\"twitter:card\" content=\"summary_large_image\" \/>\n<meta name=\"twitter:label1\" content=\"Est. reading time\" \/>\n\t<meta name=\"twitter:data1\" content=\"4 minutes\" \/>\n<script type=\"application\/ld+json\" class=\"yoast-schema-graph\">{\"@context\":\"https:\\\/\\\/schema.org\",\"@graph\":[{\"@type\":\"WebPage\",\"@id\":\"https:\\\/\\\/centinelas.es\\\/contacto\\\/\",\"url\":\"https:\\\/\\\/centinelas.es\\\/contacto\\\/\",\"name\":\"Contacto - Centinelas\",\"isPartOf\":{\"@id\":\"https:\\\/\\\/centinelas.es\\\/#website\"},\"datePublished\":\"2025-06-05T11:05:52+00:00\",\"dateModified\":\"2026-04-21T17:51:59+00:00\",\"breadcrumb\":{\"@id\":\"https:\\\/\\\/centinelas.es\\\/contacto\\\/#breadcrumb\"},\"inLanguage\":\"en-US\",\"potentialAction\":[{\"@type\":\"ReadAction\",\"target\":[\"https:\\\/\\\/centinelas.es\\\/contacto\\\/\"]}]},{\"@type\":\"BreadcrumbList\",\"@id\":\"https:\\\/\\\/centinelas.es\\\/contacto\\\/#breadcrumb\",\"itemListElement\":[{\"@type\":\"ListItem\",\"position\":1,\"name\":\"Portada\",\"item\":\"https:\\\/\\\/centinelas.es\\\/\"},{\"@type\":\"ListItem\",\"position\":2,\"name\":\"Contacto\"}]},{\"@type\":\"WebSite\",\"@id\":\"https:\\\/\\\/centinelas.es\\\/#website\",\"url\":\"https:\\\/\\\/centinelas.es\\\/\",\"name\":\"Centinelas\",\"description\":\"\",\"publisher\":{\"@id\":\"https:\\\/\\\/centinelas.es\\\/#organization\"},\"potentialAction\":[{\"@type\":\"SearchAction\",\"target\":{\"@type\":\"EntryPoint\",\"urlTemplate\":\"https:\\\/\\\/centinelas.es\\\/?s={search_term_string}\"},\"query-input\":{\"@type\":\"PropertyValueSpecification\",\"valueRequired\":true,\"valueName\":\"search_term_string\"}}],\"inLanguage\":\"en-US\"},{\"@type\":\"Organization\",\"@id\":\"https:\\\/\\\/centinelas.es\\\/#organization\",\"name\":\"Centinelas\",\"url\":\"https:\\\/\\\/centinelas.es\\\/\",\"logo\":{\"@type\":\"ImageObject\",\"inLanguage\":\"en-US\",\"@id\":\"https:\\\/\\\/centinelas.es\\\/#\\\/schema\\\/logo\\\/image\\\/\",\"url\":\"https:\\\/\\\/centinelas.es\\\/wp-content\\\/uploads\\\/2025\\\/07\\\/af_CENTINELAS-LOGO_A-1.png\",\"contentUrl\":\"https:\\\/\\\/centinelas.es\\\/wp-content\\\/uploads\\\/2025\\\/07\\\/af_CENTINELAS-LOGO_A-1.png\",\"width\":320,\"height\":138,\"caption\":\"Centinelas\"},\"image\":{\"@id\":\"https:\\\/\\\/centinelas.es\\\/#\\\/schema\\\/logo\\\/image\\\/\"},\"sameAs\":[\"https:\\\/\\\/www.instagram.com\\\/centinelasespana\\\/\",\"https:\\\/\\\/www.linkedin.com\\\/company\\\/centinelasespana\\\/\"]}]}<\/script>\n<!-- \/ Yoast SEO plugin. -->","yoast_head_json":{"title":"Contact - Sentinels","robots":{"index":"index","follow":"follow","max-snippet":"max-snippet:-1","max-image-preview":"max-image-preview:large","max-video-preview":"max-video-preview:-1"},"canonical":"https:\/\/centinelas.es\/en\/contacto\/","og_locale":"en_US","og_type":"article","og_title":"Contacto - Centinelas","og_url":"https:\/\/centinelas.es\/en\/contacto\/","og_site_name":"Centinelas","article_modified_time":"2026-04-21T17:51:59+00:00","twitter_card":"summary_large_image","twitter_misc":{"Est. reading time":"4 minutes"},"schema":{"@context":"https:\/\/schema.org","@graph":[{"@type":"WebPage","@id":"https:\/\/centinelas.es\/contacto\/","url":"https:\/\/centinelas.es\/contacto\/","name":"Contact - Sentinels","isPartOf":{"@id":"https:\/\/centinelas.es\/#website"},"datePublished":"2025-06-05T11:05:52+00:00","dateModified":"2026-04-21T17:51:59+00:00","breadcrumb":{"@id":"https:\/\/centinelas.es\/contacto\/#breadcrumb"},"inLanguage":"en-US","potentialAction":[{"@type":"ReadAction","target":["https:\/\/centinelas.es\/contacto\/"]}]},{"@type":"BreadcrumbList","@id":"https:\/\/centinelas.es\/contacto\/#breadcrumb","itemListElement":[{"@type":"ListItem","position":1,"name":"Portada","item":"https:\/\/centinelas.es\/"},{"@type":"ListItem","position":2,"name":"Contacto"}]},{"@type":"WebSite","@id":"https:\/\/centinelas.es\/#website","url":"https:\/\/centinelas.es\/","name":"Centinelas","description":"","publisher":{"@id":"https:\/\/centinelas.es\/#organization"},"potentialAction":[{"@type":"SearchAction","target":{"@type":"EntryPoint","urlTemplate":"https:\/\/centinelas.es\/?s={search_term_string}"},"query-input":{"@type":"PropertyValueSpecification","valueRequired":true,"valueName":"search_term_string"}}],"inLanguage":"en-US"},{"@type":"Organization","@id":"https:\/\/centinelas.es\/#organization","name":"Centinelas","url":"https:\/\/centinelas.es\/","logo":{"@type":"ImageObject","inLanguage":"en-US","@id":"https:\/\/centinelas.es\/#\/schema\/logo\/image\/","url":"https:\/\/centinelas.es\/wp-content\/uploads\/2025\/07\/af_CENTINELAS-LOGO_A-1.png","contentUrl":"https:\/\/centinelas.es\/wp-content\/uploads\/2025\/07\/af_CENTINELAS-LOGO_A-1.png","width":320,"height":138,"caption":"Centinelas"},"image":{"@id":"https:\/\/centinelas.es\/#\/schema\/logo\/image\/"},"sameAs":["https:\/\/www.instagram.com\/centinelasespana\/","https:\/\/www.linkedin.com\/company\/centinelasespana\/"]}]}},"jetpack_sharing_enabled":true,"_links":{"self":[{"href":"https:\/\/centinelas.es\/en\/wp-json\/wp\/v2\/pages\/115","targetHints":{"allow":["GET"]}}],"collection":[{"href":"https:\/\/centinelas.es\/en\/wp-json\/wp\/v2\/pages"}],"about":[{"href":"https:\/\/centinelas.es\/en\/wp-json\/wp\/v2\/types\/page"}],"author":[{"embeddable":true,"href":"https:\/\/centinelas.es\/en\/wp-json\/wp\/v2\/users\/3"}],"replies":[{"embeddable":true,"href":"https:\/\/centinelas.es\/en\/wp-json\/wp\/v2\/comments?post=115"}],"version-history":[{"count":12,"href":"https:\/\/centinelas.es\/en\/wp-json\/wp\/v2\/pages\/115\/revisions"}],"predecessor-version":[{"id":1233,"href":"https:\/\/centinelas.es\/en\/wp-json\/wp\/v2\/pages\/115\/revisions\/1233"}],"wp:attachment":[{"href":"https:\/\/centinelas.es\/en\/wp-json\/wp\/v2\/media?parent=115"}],"curies":[{"name":"wp","href":"https:\/\/api.w.org\/{rel}","templated":true}]}}